{"id":407,"date":"2026-05-10T23:37:03","date_gmt":"2026-05-10T21:37:03","guid":{"rendered":"https:\/\/szupl.wordpress.com\/wstap-do-zwiazku\/"},"modified":"2026-05-10T23:37:03","modified_gmt":"2026-05-10T21:37:03","slug":"wstap-do-zwiazku","status":"publish","type":"page","link":"https:\/\/zwiazekuczniowski.org\/?page_id=407","title":{"rendered":"Wst\u0105p do zwi\u0105zku"},"content":{"rendered":"\n<figure class=\"wp-block-image size-large\"><img loading=\"lazy\" decoding=\"async\" width=\"573\" height=\"150\" src=\"http:\/\/zwiazekuczniowski.org\/wp-content\/uploads\/2026\/05\/plakat_stronka_2-3.png?w=573\" alt=\"\" class=\"wp-image-421\" srcset=\"https:\/\/zwiazekuczniowski.org\/wp-content\/uploads\/2026\/05\/plakat_stronka_2-3.png 573w, https:\/\/zwiazekuczniowski.org\/wp-content\/uploads\/2026\/05\/plakat_stronka_2-3-300x79.png 300w\" sizes=\"auto, (max-width: 573px) 100vw, 573px\" \/><\/figure>\n\n\n\n<p>Socjalistyczny Zwi\u0105zek Uczniowski (SZU) jest niezale\u017cn\u0105 organizacj\u0105 uczniowsk\u0105 broni\u0105c\u0105 praw uczni\u00f3w i reprezentuj\u0105c\u0105 ich interesy wobec szk\u00f3\u0142 oraz w\u0142adz o\u015bwiatowych.<\/p>\n\n\n\n<p>Do SZU mo\u017ce przyst\u0105pi\u0107 ka\u017cda osoba ucz\u0105ca si\u0119, kt\u00f3ra uko\u0144czy\u0142a 13 rok \u017cycia i nie przekroczy\u0142a 21 roku \u017cycia.<\/p>\n\n\n\n<p>Nie musisz zak\u0142ada\u0107 \u017cadnej komisji ani mie\u0107 du\u017cej organizacji w swojej szkole. Wystarczy zg\u0142oszenie i deklaracja cz\u0142onkowska.<\/p>\n\n\n\n<h6 class=\"wp-block-heading has-text-align-center\">Jak do\u0142\u0105czy\u0107?<\/h6>\n\n\n\n<p>Aby przyst\u0105pi\u0107 do SZU:<\/p>\n\n\n\n<ol class=\"wp-block-list\">\n<li>Wype\u0142nij deklaracj\u0119 cz\u0142onkowsk\u0105.<\/li>\n\n\n\n<li>Wy\u015blij j\u0105 drog\u0105 elektroniczn\u0105 lub przeka\u017c lokalnemu cz\u0142onkowi SZU.<\/li>\n\n\n\n<li>Po zatwierdzeniu zostajesz cz\u0142onkiem organizacji.<\/li>\n<\/ol>\n\n\n\n<h6 class=\"wp-block-heading has-text-align-center\">Kto mo\u017ce nale\u017ce\u0107 do SZU?<\/h6>\n\n\n\n<p>Do SZU mog\u0105 nale\u017ce\u0107:<\/p>\n\n\n\n<ul class=\"wp-block-list\">\n<li>uczniowie szk\u00f3\u0142 podstawowych,<\/li>\n\n\n\n<li>uczniowie szk\u00f3\u0142 \u015brednich,<\/li>\n\n\n\n<li>uczniowie szk\u00f3\u0142 zawodowych,<\/li>\n\n\n\n<li>osoby w edukacji domowej,<\/li>\n\n\n\n<li>osoby ucz\u0105ce si\u0119 poza systemem publicznym.<\/li>\n<\/ul>\n\n\n\n<p>Cz\u0142onkiem mo\u017cna zosta\u0107 od uko\u0144czenia 13 roku \u017cycia.<\/p>\n\n\n\n<p>Cz\u0142onkostwo wygasa:<\/p>\n\n\n\n<ul class=\"wp-block-list\">\n<li>po uko\u0144czeniu 21 roku \u017cycia,<\/li>\n\n\n\n<li>po dobrowolnym wyst\u0105pieniu,<\/li>\n\n\n\n<li>po skre\u015bleniu decyzj\u0105 organizacji w przypadku ra\u017c\u0105cego naruszenia statutu.<\/li>\n<\/ul>\n\n\n\n<h6 class=\"wp-block-heading has-text-align-center\">Cele SZU<\/h6>\n\n\n\n<p>SZU dzia\u0142a na rzecz:<\/p>\n\n\n\n<ul class=\"wp-block-list\">\n<li>obrony praw uczni\u00f3w,<\/li>\n\n\n\n<li>przeciwdzia\u0142ania nadu\u017cyciom szk\u00f3\u0142,<\/li>\n\n\n\n<li>pomocy uczniom w sporach z administracj\u0105 szkoln\u0105,<\/li>\n\n\n\n<li>wspierania samorz\u0105dno\u015bci uczniowskiej,<\/li>\n\n\n\n<li>organizacji akcji spo\u0142ecznych i edukacyjnych,<\/li>\n\n\n\n<li>solidarno\u015bci mi\u0119dzy uczniami.<\/li>\n<\/ul>\n\n\n\n<h6 class=\"wp-block-heading has-text-align-center\">Dzia\u0142alno\u015b\u0107<\/h6>\n\n\n\n<p>Cz\u0142onkowie SZU mog\u0105:<\/p>\n\n\n\n<ul class=\"wp-block-list\">\n<li>organizowa\u0107 lokalne dzia\u0142ania w swoich szko\u0142ach,<\/li>\n\n\n\n<li>uczestniczy\u0107 w dzia\u0142aniach SZU dooko\u0142a Polski,<\/li>\n\n\n\n<li>tworzy\u0107 grupy i sekcje,<\/li>\n\n\n\n<li>prowadzi\u0107 akcje informacyjne,<\/li>\n\n\n\n<li>zg\u0142asza\u0107 problemy dotycz\u0105ce szk\u00f3\u0142,<\/li>\n\n\n\n<li>uczestniczy\u0107 w zebraniach i g\u0142osowaniach organizacji,<\/li>\n\n\n\n<li>i wiele wi\u0119cej!<\/li>\n<\/ul>\n\n\n\n<h3 class=\"wp-block-heading has-text-align-center\">Jeste\u015b ju\u017c cz\u0142onkiem, ale lokalnie nie ma jeszcze SZU?<\/h3>\n\n\n\n<h6 class=\"wp-block-heading has-text-align-center\">Za\u0142\u00f3\u017c lokalne ko\u0142o SZU<\/h6>\n\n\n\n<p>Je\u017celi w Twojej szkole, mie\u015bcie lub okolicy nie dzia\u0142a jeszcze \u017cadna struktura SZU, mo\u017cesz stworzy\u0107 lokalne ko\u0142o zwi\u0105zku razem z innymi uczniami.<\/p>\n\n\n\n<p>Nie potrzeba skomplikowanych formalno\u015bci ani du\u017cej liczby os\u00f3b \u2014 lokalne ko\u0142o ma przede wszystkim pomaga\u0107 uczniom organizowa\u0107 si\u0119, wsp\u00f3lnie dzia\u0142a\u0107 i reprezentowa\u0107 swoje interesy.<\/p>\n\n\n\n<h6 class=\"wp-block-heading has-text-align-center\">Jak za\u0142o\u017cy\u0107 lokalne ko\u0142o SZU?<\/h6>\n\n\n\n<p><strong>1. Znajd\u017a osoby zainteresowane dzia\u0142alno\u015bci\u0105<\/strong><\/p>\n\n\n\n<p>Do rozpocz\u0119cia dzia\u0142alno\u015bci lokalnego ko\u0142a rekomendowane jest zebranie przynajmniej 3 cz\u0142onk\u00f3w SZU z jednej szko\u0142y, miasta lub okolicy.<\/p>\n\n\n\n<p>Nie musicie pochodzi\u0107 z jednej klasy ani nawet jednej szko\u0142y.<\/p>\n\n\n\n<p><strong>2. Zorganizuj spotkanie organizacyjne<\/strong><\/p>\n\n\n\n<p>Mo\u017ce by\u0107 ono:<\/p>\n\n\n\n<ul class=\"wp-block-list\">\n<li>w szkole,<\/li>\n\n\n\n<li>po lekcjach,<\/li>\n\n\n\n<li>online,<\/li>\n\n\n\n<li>w miejscu publicznym.<\/li>\n<\/ul>\n\n\n\n<p>Podczas spotkania ustalcie:<\/p>\n\n\n\n<ul class=\"wp-block-list\">\n<li>nazw\u0119 lokalnego ko\u0142a,<\/li>\n\n\n\n<li>podstawowe cele dzia\u0142ania,<\/li>\n\n\n\n<li>osoby odpowiedzialne za kontakt i organizacj\u0119.<\/li>\n<\/ul>\n\n\n\n<h6 class=\"wp-block-heading has-text-align-left\"><strong>3. Wybierzcie osoby koordynuj\u0105ce<\/strong><\/h6>\n\n\n\n<p>Lokalne ko\u0142o mo\u017ce wybra\u0107:<\/p>\n\n\n\n<ul class=\"wp-block-list\">\n<li>Koordynatora,<\/li>\n\n\n\n<li>Zast\u0119pc\u0119,<\/li>\n\n\n\n<li>Osob\u0119 odpowiedzialn\u0105 za media i kontakt.<\/li>\n<\/ul>\n\n\n\n<p>Funkcje te maj\u0105 charakter organizacyjny i mog\u0105 zosta\u0107 odwo\u0142ane decyzj\u0105 cz\u0142onk\u00f3w ko\u0142a.<\/p>\n\n\n\n<p><strong>4. Zg\u0142o\u015bcie powstanie ko\u0142a<\/strong><\/p>\n\n\n\n<p>Nowe ko\u0142o powinno poinformowa\u0107 SZU o rozpocz\u0119ciu dzia\u0142alno\u015bci poprzez wiadomo\u015b\u0107 zawieraj\u0105c\u0105:<\/p>\n\n\n\n<ul class=\"wp-block-list\">\n<li>nazw\u0119 ko\u0142a,<\/li>\n\n\n\n<li>miejscowo\u015b\u0107 lub szko\u0142\u0119 dzia\u0142ania,<\/li>\n\n\n\n<li>liczb\u0119 cz\u0142onk\u00f3w,<\/li>\n\n\n\n<li>dane kontaktowe osoby koordynuj\u0105cej.<\/li>\n<\/ul>\n\n\n\n<h6 class=\"wp-block-heading has-text-align-center\">Co mo\u017ce robi\u0107 lokalne ko\u0142o?<\/h6>\n\n\n\n<p>Lokalne ko\u0142o SZU mo\u017ce:<\/p>\n\n\n\n<ul class=\"wp-block-list\">\n<li>pomaga\u0107 uczniom w problemach szkolnych,<\/li>\n\n\n\n<li>organizowa\u0107 akcje informacyjne,<\/li>\n\n\n\n<li>tworzy\u0107 plakaty, gazetki i media spo\u0142eczno\u015bciowe,<\/li>\n\n\n\n<li>prowadzi\u0107 petycje i zbi\u00f3rki podpis\u00f3w,<\/li>\n\n\n\n<li>organizowa\u0107 protesty i akcje solidarno\u015bciowe,<\/li>\n\n\n\n<li>wsp\u00f3\u0142pracowa\u0107 z innymi ko\u0142ami SZU.<\/li>\n<\/ul>\n\n\n\n<h6 class=\"wp-block-heading has-text-align-center\">Wa\u017cne zasady<\/h6>\n\n\n\n<p>Lokalne ko\u0142o:<\/p>\n\n\n\n<ul class=\"wp-block-list\">\n<li>dzia\u0142a na zasadach centralizmu demokratycznego,<\/li>\n\n\n\n<li>podejmuje decyzje wi\u0119kszo\u015bci\u0105 g\u0142os\u00f3w,<\/li>\n\n\n\n<li>respektuje statut SZU,<\/li>\n\n\n\n<li>nie mo\u017ce dzia\u0142a\u0107 przeciwko podstawowym zasadom organizacji.<\/li>\n<\/ul>\n\n\n\n<p>Ka\u017cdy cz\u0142onek ko\u0142a ma prawo zabiera\u0107 g\u0142os, zg\u0142asza\u0107 postulaty i uczestniczy\u0107 w podejmowaniu decyzji.<\/p>\n\n\n\n<h6 class=\"wp-block-heading has-text-align-center\">Sk\u0142adki<\/h6>\n\n\n\n<p>SZU prowadzi dobrowolne sk\u0142adki cz\u0142onkowskie przeznaczane na:<\/p>\n\n\n\n<ul class=\"wp-block-list\">\n<li>materia\u0142y informacyjne,<\/li>\n\n\n\n<li>plakaty i ulotki,<\/li>\n\n\n\n<li>dzia\u0142alno\u015b\u0107 organizacyjn\u0105,<\/li>\n\n\n\n<li>pomoc cz\u0142onkom.<\/li>\n<\/ul>\n\n\n\n<p>Brak mo\u017cliwo\u015bci op\u0142acania sk\u0142adek nie mo\u017ce by\u0107 podstaw\u0105 odmowy cz\u0142onkostwa.<\/p>\n\n\n\n<h6 class=\"wp-block-heading has-text-align-center\">Kontakt<\/h6>\n\n\n\n<p><strong>Socjalistyczny Zwi\u0105zek Uczniowski (SZU)<\/strong><\/p>\n\n\n\n<p>E-mail: <a href=\"mailto:kontakt@szu.org\">zwiazek.uczniowski@proton.me<\/a><\/p>\n\n\n\n<p>Je\u017celi chcesz do\u0142\u0105czy\u0107 lub dzia\u0142a\u0107 lokalnie w swojej szkole \u2014 skontaktuj si\u0119 z nami!<\/p>\n","protected":false},"excerpt":{"rendered":"<p>Socjalistyczny Zwi\u0105zek Uczniowski (SZU) jest niezale\u017cn\u0105 organizacj\u0105 uczniowsk\u0105 broni\u0105c\u0105 praw uczni\u00f3w i reprezentuj\u0105c\u0105 ich interesy wobec szk\u00f3\u0142 oraz w\u0142adz o\u015bwiatowych. Do SZU mo\u017ce przyst\u0105pi\u0107 ka\u017cda osoba ucz\u0105ca si\u0119, kt\u00f3ra uko\u0144czy\u0142a 13 rok \u017cycia i nie przekroczy\u0142a 21 roku \u017cycia. Nie musisz zak\u0142ada\u0107 \u017cadnej komisji ani mie\u0107 du\u017cej organizacji w swojej szkole. Wystarczy zg\u0142oszenie i deklaracja [&hellip;]<\/p>\n","protected":false},"author":1,"featured_media":0,"parent":0,"menu_order":0,"comment_status":"closed","ping_status":"closed","template":"","meta":{"footnotes":""},"class_list":["post-407","page","type-page","status-publish","hentry"],"_links":{"self":[{"href":"https:\/\/zwiazekuczniowski.org\/index.php?rest_route=\/wp\/v2\/pages\/407","targetHints":{"allow":["GET"]}}],"collection":[{"href":"https:\/\/zwiazekuczniowski.org\/index.php?rest_route=\/wp\/v2\/pages"}],"about":[{"href":"https:\/\/zwiazekuczniowski.org\/index.php?rest_route=\/wp\/v2\/types\/page"}],"author":[{"embeddable":true,"href":"https:\/\/zwiazekuczniowski.org\/index.php?rest_route=\/wp\/v2\/users\/1"}],"replies":[{"embeddable":true,"href":"https:\/\/zwiazekuczniowski.org\/index.php?rest_route=%2Fwp%2Fv2%2Fcomments&post=407"}],"version-history":[{"count":0,"href":"https:\/\/zwiazekuczniowski.org\/index.php?rest_route=\/wp\/v2\/pages\/407\/revisions"}],"wp:attachment":[{"href":"https:\/\/zwiazekuczniowski.org\/index.php?rest_route=%2Fwp%2Fv2%2Fmedia&parent=407"}],"curies":[{"name":"wp","href":"https:\/\/api.w.org\/{rel}","templated":true}]}}