{"id":431,"date":"2026-05-11T00:27:52","date_gmt":"2026-05-10T22:27:52","guid":{"rendered":"https:\/\/szupl.wordpress.com\/kola-szu\/"},"modified":"2026-05-11T00:27:52","modified_gmt":"2026-05-10T22:27:52","slug":"kola-szu","status":"publish","type":"page","link":"https:\/\/zwiazekuczniowski.org\/?page_id=431","title":{"rendered":"Ko\u0142a SZU"},"content":{"rendered":"\n<p>Warszawskie Ko\u0142o SZU<\/p>\n\n\n\n<p>Ko\u0142obrzeskie Ko\u0142o SZU<\/p>\n\n\n\n<p>P\u0142ockie Ko\u0142o SZU<\/p>\n\n\n\n<h6 class=\"wp-block-heading has-text-align-center\">Nie widzisz tu swojego miasta \/ szko\u0142y? <br><a href=\"https:\/\/szupl.wordpress.com\/wstap-do-zwiazku\/\">Wst\u0105p do nas i za\u0142\u00f3\u017c lokalne Ko\u0142o!<\/a><\/h6>\n\n\n\n<p><\/p>\n","protected":false},"excerpt":{"rendered":"<p>Warszawskie Ko\u0142o SZU Ko\u0142obrzeskie Ko\u0142o SZU P\u0142ockie Ko\u0142o SZU Nie widzisz tu swojego miasta \/ szko\u0142y? Wst\u0105p do nas i za\u0142\u00f3\u017c lokalne Ko\u0142o!<\/p>\n","protected":false},"author":1,"featured_media":0,"parent":0,"menu_order":0,"comment_status":"closed","ping_status":"closed","template":"","meta":{"footnotes":""},"class_list":["post-431","page","type-page","status-publish","hentry"],"_links":{"self":[{"href":"https:\/\/zwiazekuczniowski.org\/index.php?rest_route=\/wp\/v2\/pages\/431","targetHints":{"allow":["GET"]}}],"collection":[{"href":"https:\/\/zwiazekuczniowski.org\/index.php?rest_route=\/wp\/v2\/pages"}],"about":[{"href":"https:\/\/zwiazekuczniowski.org\/index.php?rest_route=\/wp\/v2\/types\/page"}],"author":[{"embeddable":true,"href":"https:\/\/zwiazekuczniowski.org\/index.php?rest_route=\/wp\/v2\/users\/1"}],"replies":[{"embeddable":true,"href":"https:\/\/zwiazekuczniowski.org\/index.php?rest_route=%2Fwp%2Fv2%2Fcomments&post=431"}],"version-history":[{"count":0,"href":"https:\/\/zwiazekuczniowski.org\/index.php?rest_route=\/wp\/v2\/pages\/431\/revisions"}],"wp:attachment":[{"href":"https:\/\/zwiazekuczniowski.org\/index.php?rest_route=%2Fwp%2Fv2%2Fmedia&parent=431"}],"curies":[{"name":"wp","href":"https:\/\/api.w.org\/{rel}","templated":true}]}}